{"id":310,"date":"2025-11-30T21:58:50","date_gmt":"2025-11-30T21:58:50","guid":{"rendered":"https:\/\/whitefirmtax.com\/about\/"},"modified":"2025-12-02T03:56:10","modified_gmt":"2025-12-02T03:56:10","slug":"about","status":"publish","type":"page","link":"https:\/\/whitefirmtax.com\/es\/about\/","title":{"rendered":"Nosotros"},"content":{"rendered":"<div data-elementor-type=\"wp-post\" data-elementor-id=\"310\" class=\"elementor elementor-310\">\n\t\t\t\t\t\t<section class=\"elementor-section elementor-top-section elementor-element elementor-element-6e99129 elementor-section-boxed elementor-section-height-default elementor-section-height-default\" data-id=\"6e99129\" data-element_type=\"section\" data-settings=\"{&quot;background_background&quot;:&quot;classic&quot;}\">\n\t\t\t\t\t\t\t<div class=\"elementor-background-overlay\"><\/div>\n\t\t\t\t\t\t\t<div class=\"elementor-container elementor-column-gap-no\">\n\t\t\t\t\t<div class=\"elementor-column elementor-col-100 elementor-top-column elementor-element elementor-element-4416359\" data-id=\"4416359\" data-element_type=\"column\">\n\t\t\t<div class=\"elementor-widget-wrap elementor-element-populated\">\n\t\t\t\t\t\t<div class=\"elementor-element elementor-element-18999a8 elementor-widget elementor-widget-heading\" data-id=\"18999a8\" data-element_type=\"widget\" data-widget_type=\"heading.default\">\n\t\t\t\t<div class=\"elementor-widget-container\">\n\t\t\t\t\t<h5 class=\"elementor-heading-title elementor-size-default\">Unas Palabras<\/h5>\t\t\t\t<\/div>\n\t\t\t\t<\/div>\n\t\t\t\t<div class=\"elementor-element elementor-element-754968b elementor-widget elementor-widget-heading\" data-id=\"754968b\" data-element_type=\"widget\" data-widget_type=\"heading.default\">\n\t\t\t\t<div class=\"elementor-widget-container\">\n\t\t\t\t\t<h1 class=\"elementor-heading-title elementor-size-default\">Sobre Nosotros<\/h1>\t\t\t\t<\/div>\n\t\t\t\t<\/div>\n\t\t\t\t\t<\/div>\n\t\t<\/div>\n\t\t\t\t\t<\/div>\n\t\t<\/section>\n\t\t\t\t<section class=\"elementor-section elementor-top-section elementor-element elementor-element-6785f070 elementor-section-content-middle elementor-section-boxed elementor-section-height-default elementor-section-height-default\" data-id=\"6785f070\" data-element_type=\"section\" data-settings=\"{&quot;background_background&quot;:&quot;classic&quot;}\">\n\t\t\t\t\t\t<div class=\"elementor-container elementor-column-gap-no\">\n\t\t\t\t\t<div class=\"elementor-column elementor-col-50 elementor-top-column elementor-element elementor-element-236a079\" data-id=\"236a079\" data-element_type=\"column\">\n\t\t\t<div class=\"elementor-widget-wrap elementor-element-populated\">\n\t\t\t\t\t\t<div class=\"elementor-element elementor-element-618cf60d elementor-widget elementor-widget-heading\" data-id=\"618cf60d\" data-element_type=\"widget\" data-widget_type=\"heading.default\">\n\t\t\t\t<div class=\"elementor-widget-container\">\n\t\t\t\t\t<h6 class=\"elementor-heading-title elementor-size-default\">Servicio Excepcional<\/h6>\t\t\t\t<\/div>\n\t\t\t\t<\/div>\n\t\t\t\t<div class=\"elementor-element elementor-element-3d0aa540 elementor-widget elementor-widget-heading\" data-id=\"3d0aa540\" data-element_type=\"widget\" data-widget_type=\"heading.default\">\n\t\t\t\t<div class=\"elementor-widget-container\">\n\t\t\t\t\t<h2 class=\"elementor-heading-title elementor-size-default\">Asesor\u00eda Tributaria y Financiera Pr\u00e1ctica en la que Puede Confiar<\/h2>\t\t\t\t<\/div>\n\t\t\t\t<\/div>\n\t\t\t\t<div class=\"elementor-element elementor-element-f54774f elementor-widget elementor-widget-heading\" data-id=\"f54774f\" data-element_type=\"widget\" data-widget_type=\"heading.default\">\n\t\t\t\t<div class=\"elementor-widget-container\">\n\t\t\t\t\t<h4 class=\"elementor-heading-title elementor-size-default\">Le ayudamos a enfocarse en el crecimiento de su negocio, mientras nosotros nos encargamos de los n\u00fameros<\/h4>\t\t\t\t<\/div>\n\t\t\t\t<\/div>\n\t\t\t\t<div class=\"elementor-element elementor-element-5aabbfce elementor-widget elementor-widget-text-editor\" data-id=\"5aabbfce\" data-element_type=\"widget\" data-widget_type=\"text-editor.default\">\n\t\t\t\t<div class=\"elementor-widget-container\">\n\t\t\t\t\t\t\t\t\t<p data-start=\"645\" data-end=\"1017\">Como fundador de <strong data-start=\"663\" data-end=\"691\">White Firm Tax &amp; Finance<\/strong>ofrezco servicios profesionales de preparaci\u00f3n de impuestos, contabilidad y asesor\u00eda financiera autorizados por el IRS, dirigidos a personas naturales y peque\u00f1as empresas.<br data-start=\"831\" data-end=\"834\" \/>Nuestra misi\u00f3n es clara: brindar <strong data-start=\"867\" data-end=\"922\">soluciones financieras precisas, seguras y en total cumplimiento normativo,<\/strong> para que usted pueda tomar decisiones con confianza, mantener sus finanzas organizadas y cumplir oportunamente con todos los requisitos del IRS.<\/p><p data-start=\"1019\" data-end=\"1307\">Con a\u00f1os de experiencia en contabilidad, cumplimiento tributario y finanzas empresariales, entiendo la importancia de llevar libros contables claros, reportes transparentes y una asesor\u00eda confiable.<br data-start=\"1189\" data-end=\"1192\" \/>Cada cliente recibe atenci\u00f3n personalizada, confidencialidad estricta y los m\u00e1s altos est\u00e1ndares de pr\u00e1ctica \u00e9tica.<\/p><p data-start=\"1309\" data-end=\"1490\">Ya sea que necesite contabilidad mensual, impuestos empresariales, asesor\u00eda financiera o resoluci\u00f3n de asuntos con el IRS, puede confiar en m\u00ed para manejar sus necesidades financieras con profesionalismo y dedicaci\u00f3n.<\/p>\t\t\t\t\t\t\t\t<\/div>\n\t\t\t\t<\/div>\n\t\t\t\t\t<\/div>\n\t\t<\/div>\n\t\t\t\t<div class=\"elementor-column elementor-col-50 elementor-top-column elementor-element elementor-element-2c9a3eef\" data-id=\"2c9a3eef\" data-element_type=\"column\" data-settings=\"{&quot;background_background&quot;:&quot;classic&quot;}\">\n\t\t\t<div class=\"elementor-widget-wrap elementor-element-populated\">\n\t\t\t\t\t\t<div class=\"elementor-element elementor-element-a08fabf elementor-widget elementor-widget-image\" data-id=\"a08fabf\" data-element_type=\"widget\" data-widget_type=\"image.default\">\n\t\t\t\t<div class=\"elementor-widget-container\">\n\t\t\t\t\t\t\t\t\t\t\t\t\t\t\t<img fetchpriority=\"high\" decoding=\"async\" width=\"400\" height=\"400\" src=\"https:\/\/whitefirmtax.com\/wp-content\/uploads\/2019\/06\/feature3-free-img.png\" class=\"attachment-full size-full wp-image-127\" alt=\"feature3 free img\" srcset=\"https:\/\/whitefirmtax.com\/wp-content\/uploads\/2019\/06\/feature3-free-img.png 400w, https:\/\/whitefirmtax.com\/wp-content\/uploads\/2019\/06\/feature3-free-img-300x300.png 300w, https:\/\/whitefirmtax.com\/wp-content\/uploads\/2019\/06\/feature3-free-img-150x150.png 150w\" sizes=\"(max-width: 400px) 100vw, 400px\" title=\"Nosotros\">\t\t\t\t\t\t\t\t\t\t\t\t\t\t\t<\/div>\n\t\t\t\t<\/div>\n\t\t\t\t\t<\/div>\n\t\t<\/div>\n\t\t\t\t\t<\/div>\n\t\t<\/section>\n\t\t\t\t<section class=\"elementor-section elementor-top-section elementor-element elementor-element-258f1039 elementor-section-content-middle elementor-section-boxed elementor-section-height-default elementor-section-height-default\" data-id=\"258f1039\" data-element_type=\"section\" data-settings=\"{&quot;background_background&quot;:&quot;classic&quot;}\">\n\t\t\t\t\t\t\t<div class=\"elementor-background-overlay\"><\/div>\n\t\t\t\t\t\t\t<div class=\"elementor-container elementor-column-gap-no\">\n\t\t\t\t\t<div class=\"elementor-column elementor-col-100 elementor-top-column elementor-element elementor-element-621c72c3\" data-id=\"621c72c3\" data-element_type=\"column\">\n\t\t\t<div class=\"elementor-widget-wrap elementor-element-populated\">\n\t\t\t\t\t\t<section class=\"elementor-section elementor-inner-section elementor-element elementor-element-216ab9b elementor-section-boxed elementor-section-height-default elementor-section-height-default\" data-id=\"216ab9b\" data-element_type=\"section\">\n\t\t\t\t\t\t<div class=\"elementor-container elementor-column-gap-default\">\n\t\t\t\t\t<div class=\"elementor-column elementor-col-100 elementor-inner-column elementor-element elementor-element-0b1cb91\" data-id=\"0b1cb91\" data-element_type=\"column\">\n\t\t\t<div class=\"elementor-widget-wrap elementor-element-populated\">\n\t\t\t\t\t\t<div class=\"elementor-element elementor-element-1aa32854 elementor-widget elementor-widget-heading\" data-id=\"1aa32854\" data-element_type=\"widget\" data-widget_type=\"heading.default\">\n\t\t\t\t<div class=\"elementor-widget-container\">\n\t\t\t\t\t<h6 class=\"elementor-heading-title elementor-size-default\">Servicios Contables<\/h6>\t\t\t\t<\/div>\n\t\t\t\t<\/div>\n\t\t\t\t<div class=\"elementor-element elementor-element-778c2ea elementor-widget elementor-widget-hfe-infocard\" data-id=\"778c2ea\" data-element_type=\"widget\" data-widget_type=\"hfe-infocard.default\">\n\t\t\t\t<div class=\"elementor-widget-container\">\n\t\t\t\t\t\n\t\t<div class=\"hfe-infocard\">\n\t\t\t\t\t\t\t\t\t<div class=\"hfe-infocard-title-wrap\">\n\t\t\t\t<h2 class=\"hfe-infocard-title elementor-inline-editing\" data-elementor-setting-key=\"infocard_title\" data-elementor-inline-editing-toolbar=\"basic\" >El mantenimiento de registros contables precisos es fundamental para el \u00e9xito empresarial<\/h2>\t\t\t<\/div>\n\t\t\t\t\t\t<div class=\"hfe-infocard-text-wrap\">\n\t\t\t\t<div class=\"hfe-infocard-text elementor-inline-editing\" data-elementor-setting-key=\"infocard_description\" data-elementor-inline-editing-toolbar=\"advanced\">\n\t\t\t\t\tRegistros financieros claros, organizados y en cumplimiento normativo son la base de todo negocio exitoso.\nEn White Firm Tax &amp; Finance nos aseguramos de que su contabilidad se mantenga precisa, actualizada y lista para el IRS durante todo el a\u00f1o, para que pueda operar con confianza y tomar decisiones informadas.\t\t\t\t<\/div>\n\t\t\t\t\t\t\t<\/div>\n\t\t<\/div>\n\n\t\t\t\t\t\t<\/div>\n\t\t\t\t<\/div>\n\t\t\t\t\t<\/div>\n\t\t<\/div>\n\t\t\t\t\t<\/div>\n\t\t<\/section>\n\t\t\t\t<section class=\"elementor-section elementor-inner-section elementor-element elementor-element-1550a677 elementor-section-content-middle elementor-section-boxed elementor-section-height-default elementor-section-height-default\" data-id=\"1550a677\" data-element_type=\"section\">\n\t\t\t\t\t\t<div class=\"elementor-container elementor-column-gap-no\">\n\t\t\t\t\t<div class=\"elementor-column elementor-col-50 elementor-inner-column elementor-element elementor-element-2f37c46f\" data-id=\"2f37c46f\" data-element_type=\"column\" data-settings=\"{&quot;background_background&quot;:&quot;classic&quot;}\">\n\t\t\t<div class=\"elementor-widget-wrap elementor-element-populated\">\n\t\t\t\t\t\t<div class=\"elementor-element elementor-element-4dd3153 elementor-widget elementor-widget-text-editor\" data-id=\"4dd3153\" data-element_type=\"widget\" data-widget_type=\"text-editor.default\">\n\t\t\t\t<div class=\"elementor-widget-container\">\n\t\t\t\t\t\t\t\t\t<h4 data-start=\"754\" data-end=\"789\"><strong data-start=\"759\" data-end=\"789\">Visi\u00f3n financiera confiable<\/strong><\/h4><p data-start=\"790\" data-end=\"1025\">Una contabilidad precisa le brinda una visi\u00f3n clara de su flujo de caja, gastos y rentabilidad. Con informaci\u00f3n financiera exacta, usted puede tomar decisiones m\u00e1s acertadas, planificar el crecimiento y anticiparse a posibles inconvenientes antes de que se conviertan en problemas.<\/p>\t\t\t\t\t\t\t\t<\/div>\n\t\t\t\t<\/div>\n\t\t\t\t\t<\/div>\n\t\t<\/div>\n\t\t\t\t<div class=\"elementor-column elementor-col-50 elementor-inner-column elementor-element elementor-element-89e9cdf\" data-id=\"89e9cdf\" data-element_type=\"column\" data-settings=\"{&quot;background_background&quot;:&quot;classic&quot;}\">\n\t\t\t<div class=\"elementor-widget-wrap elementor-element-populated\">\n\t\t\t\t\t\t<div class=\"elementor-element elementor-element-3ba34005 elementor-widget elementor-widget-text-editor\" data-id=\"3ba34005\" data-element_type=\"widget\" data-widget_type=\"text-editor.default\">\n\t\t\t\t<div class=\"elementor-widget-container\">\n\t\t\t\t\t\t\t\t\t<h4 data-start=\"1027\" data-end=\"1066\"><strong data-start=\"1032\" data-end=\"1066\">Cumplimiento con el IRS y total tranquilidad<\/strong><\/h4><p data-start=\"1067\" data-end=\"1295\">Una adecuada gesti\u00f3n de registros protege su negocio durante la temporada de impuestos y ayuda a evitar errores costosos, sanciones o retrasos. Nos aseguramos de que toda la documentaci\u00f3n cumpla con los lineamientos del IRS, brind\u00e1ndole confianza y tranquilidad durante todo el a\u00f1o.<\/p>\t\t\t\t\t\t\t\t<\/div>\n\t\t\t\t<\/div>\n\t\t\t\t\t<\/div>\n\t\t<\/div>\n\t\t\t\t\t<\/div>\n\t\t<\/section>\n\t\t\t\t\t<\/div>\n\t\t<\/div>\n\t\t\t\t\t<\/div>\n\t\t<\/section>\n\t\t\t\t<section class=\"elementor-section elementor-top-section elementor-element elementor-element-f8ad88f elementor-section-content-middle elementor-section-boxed elementor-section-height-default elementor-section-height-default\" data-id=\"f8ad88f\" data-element_type=\"section\" data-settings=\"{&quot;background_background&quot;:&quot;classic&quot;}\">\n\t\t\t\t\t\t\t<div class=\"elementor-background-overlay\"><\/div>\n\t\t\t\t\t\t\t<div class=\"elementor-container elementor-column-gap-no\">\n\t\t\t\t\t<div class=\"elementor-column elementor-col-50 elementor-top-column elementor-element elementor-element-19076a4\" data-id=\"19076a4\" data-element_type=\"column\">\n\t\t\t<div class=\"elementor-widget-wrap elementor-element-populated\">\n\t\t\t\t\t\t<div class=\"elementor-element elementor-element-a7a63e8 elementor-widget elementor-widget-heading\" data-id=\"a7a63e8\" data-element_type=\"widget\" data-widget_type=\"heading.default\">\n\t\t\t\t<div class=\"elementor-widget-container\">\n\t\t\t\t\t<h5 class=\"elementor-heading-title elementor-size-default\">Estimaci\u00f3n tributaria sin costo<\/h5>\t\t\t\t<\/div>\n\t\t\t\t<\/div>\n\t\t\t\t<div class=\"elementor-element elementor-element-75947b9 elementor-widget elementor-widget-heading\" data-id=\"75947b9\" data-element_type=\"widget\" data-widget_type=\"heading.default\">\n\t\t\t\t<div class=\"elementor-widget-container\">\n\t\t\t\t\t<h2 class=\"elementor-heading-title elementor-size-default\">Consulta tributaria gratuita<\/h2>\t\t\t\t<\/div>\n\t\t\t\t<\/div>\n\t\t\t\t<div class=\"elementor-element elementor-element-c51a382 elementor-widget elementor-widget-text-editor\" data-id=\"c51a382\" data-element_type=\"widget\" data-widget_type=\"text-editor.default\">\n\t\t\t\t<div class=\"elementor-widget-container\">\n\t\t\t\t\t\t\t\t\t<p>Ofrecemos una consulta tributaria gratuita y sin compromiso para ayudarle a entender sus opciones, estimar su reembolso o responsabilidad fiscal, y recibir asesor\u00eda personalizada para sus impuestos personales o empresariales, todo manejado con precisi\u00f3n, confidencialidad y pleno cumplimiento de las normas del IRS.<\/p>\t\t\t\t\t\t\t\t<\/div>\n\t\t\t\t<\/div>\n\t\t\t\t\t<\/div>\n\t\t<\/div>\n\t\t\t\t<div class=\"elementor-column elementor-col-50 elementor-top-column elementor-element elementor-element-1703cb4\" data-id=\"1703cb4\" data-element_type=\"column\">\n\t\t\t<div class=\"elementor-widget-wrap elementor-element-populated\">\n\t\t\t\t\t\t<div class=\"elementor-element elementor-element-029fbda elementor-align-right elementor-mobile-align-center elementor-widget elementor-widget-button\" data-id=\"029fbda\" data-element_type=\"widget\" data-widget_type=\"button.default\">\n\t\t\t\t<div class=\"elementor-widget-container\">\n\t\t\t\t\t\t\t\t\t<div class=\"elementor-button-wrapper\">\n\t\t\t\t\t<a class=\"elementor-button elementor-button-link elementor-size-md\" href=\"https:\/\/wa.me\/19546628536\">\n\t\t\t\t\t\t<span class=\"elementor-button-content-wrapper\">\n\t\t\t\t\t\t\t\t\t<span class=\"elementor-button-text\">Cotizar ahora<\/span>\n\t\t\t\t\t<\/span>\n\t\t\t\t\t<\/a>\n\t\t\t\t<\/div>\n\t\t\t\t\t\t\t\t<\/div>\n\t\t\t\t<\/div>\n\t\t\t\t\t<\/div>\n\t\t<\/div>\n\t\t\t\t\t<\/div>\n\t\t<\/section>\n\t\t\t\t<\/div>","protected":false},"excerpt":{"rendered":"<p>A Few Words About Me Exceptional Service Practical Tax &amp; Financial Guidance You Can Count On Helping You Focus on Growing Your Business \u2014 While I Handle the Numbers As the founder of White Firm Tax &amp; Finance, I provide professional, IRS-authorized tax preparation, bookkeeping, and financial advisory services for individuals and small businesses.My mission [&hellip;]<\/p>","protected":false},"author":1,"featured_media":0,"parent":0,"menu_order":0,"comment_status":"closed","ping_status":"closed","template":"","meta":{"pagelayer_contact_templates":[],"_pagelayer_content":"","site-sidebar-layout":"default","site-content-layout":"page-builder","ast-site-content-layout":"default","site-content-style":"default","site-sidebar-style":"default","ast-global-header-display":"","ast-banner-title-visibility":"","ast-main-header-display":"","ast-hfb-above-header-display":"","ast-hfb-below-header-display":"","ast-hfb-mobile-header-display":"","site-post-title":"","ast-breadcrumbs-content":"","ast-featured-img":"disabled","footer-sml-layout":"","ast-disable-related-posts":"","theme-transparent-header-meta":"enabled","adv-header-id-meta":"","stick-header-meta":"","header-above-stick-meta":"","header-main-stick-meta":"","header-below-stick-meta":"","astra-migrate-meta-layouts":"default","ast-page-background-enabled":"default","ast-page-background-meta":{"desktop":{"background-color":"","background-image":"","background-repeat":"repeat","background-position":"center center","background-size":"auto","background-attachment":"scroll","background-type":"","background-media":"","overlay-type":"","overlay-color":"","overlay-opacity":"","overlay-gradient":""},"tablet":{"background-color":"","background-image":"","background-repeat":"repeat","background-position":"center center","background-size":"auto","background-attachment":"scroll","background-type":"","background-media":"","overlay-type":"","overlay-color":"","overlay-opacity":"","overlay-gradient":""},"mobile":{"background-color":"","background-image":"","background-repeat":"repeat","background-position":"center center","background-size":"auto","background-attachment":"scroll","background-type":"","background-media":"","overlay-type":"","overlay-color":"","overlay-opacity":"","overlay-gradient":""}},"ast-content-background-meta":{"desktop":{"background-color":"var(--ast-global-color-5)","background-image":"","background-repeat":"repeat","background-position":"center center","background-size":"auto","background-attachment":"scroll","background-type":"","background-media":"","overlay-type":"","overlay-color":"","overlay-opacity":"","overlay-gradient":""},"tablet":{"background-color":"var(--ast-global-color-5)","background-image":"","background-repeat":"repeat","background-position":"center center","background-size":"auto","background-attachment":"scroll","background-type":"","background-media":"","overlay-type":"","overlay-color":"","overlay-opacity":"","overlay-gradient":""},"mobile":{"background-color":"var(--ast-global-color-5)","background-image":"","background-repeat":"repeat","background-position":"center center","background-size":"auto","background-attachment":"scroll","background-type":"","background-media":"","overlay-type":"","overlay-color":"","overlay-opacity":"","overlay-gradient":""}},"footnotes":""},"class_list":["post-310","page","type-page","status-publish","hentry"],"_links":{"self":[{"href":"https:\/\/whitefirmtax.com\/es\/wp-json\/wp\/v2\/pages\/310","targetHints":{"allow":["GET"]}}],"collection":[{"href":"https:\/\/whitefirmtax.com\/es\/wp-json\/wp\/v2\/pages"}],"about":[{"href":"https:\/\/whitefirmtax.com\/es\/wp-json\/wp\/v2\/types\/page"}],"author":[{"embeddable":true,"href":"https:\/\/whitefirmtax.com\/es\/wp-json\/wp\/v2\/users\/1"}],"replies":[{"embeddable":true,"href":"https:\/\/whitefirmtax.com\/es\/wp-json\/wp\/v2\/comments?post=310"}],"version-history":[{"count":15,"href":"https:\/\/whitefirmtax.com\/es\/wp-json\/wp\/v2\/pages\/310\/revisions"}],"predecessor-version":[{"id":570,"href":"https:\/\/whitefirmtax.com\/es\/wp-json\/wp\/v2\/pages\/310\/revisions\/570"}],"wp:attachment":[{"href":"https:\/\/whitefirmtax.com\/es\/wp-json\/wp\/v2\/media?parent=310"}],"curies":[{"name":"wp","href":"https:\/\/api.w.org\/{rel}","templated":true}]}}